{"id":9862,"date":"2020-01-17T12:07:16","date_gmt":"2020-01-17T09:07:16","guid":{"rendered":"https:\/\/www.hayatsende.org\/news-announcements\/"},"modified":"2026-03-25T21:38:19","modified_gmt":"2026-03-25T18:38:19","slug":"news-announcements","status":"publish","type":"page","link":"https:\/\/www.hayatsende.org\/en\/news-announcements\/","title":{"rendered":"News &amp; Announcements"},"content":{"rendered":"\t\t<div data-elementor-type=\"wp-post\" data-elementor-id=\"9862\" class=\"elementor elementor-9862 elementor-1168\" data-elementor-post-type=\"page\">\n\t\t\t\t<div class=\"elementor-element elementor-element-52729ea e-con-full e-flex e-con e-parent\" data-id=\"52729ea\" data-element_type=\"container\" data-e-type=\"container\">\n\t\t\t\t<div class=\"elementor-element elementor-element-03023c1 elementor-widget elementor-widget-shortcode\" data-id=\"03023c1\" data-element_type=\"widget\" data-e-type=\"widget\" data-widget_type=\"shortcode.default\">\n\t\t\t\t<div class=\"elementor-widget-container\">\n\t\t\t\t\t\t\t<div class=\"elementor-shortcode\">\t\t<div data-elementor-type=\"page-title-bar\" data-elementor-id=\"9835\" class=\"elementor elementor-9835 elementor-9009 elementor-9009\" data-elementor-post-type=\"elementor_library\">\n\t\t\t\t<header class=\"elementor-element elementor-element-a8140dd e-con-full e-flex e-con e-parent\" data-id=\"a8140dd\" data-element_type=\"container\" data-e-type=\"container\" data-settings=\"{&quot;background_background&quot;:&quot;classic&quot;}\">\n\t\t\t\t<div class=\"elementor-element elementor-element-19bfc29 elementor-align-center elementor-widget elementor-widget-breadcrumbs\" data-id=\"19bfc29\" data-element_type=\"widget\" data-e-type=\"widget\" data-widget_type=\"breadcrumbs.default\">\n\t\t\t\t<div class=\"elementor-widget-container\">\n\t\t\t\t\t<nav id=\"breadcrumbs\"><span><span><a href=\"https:\/\/www.hayatsende.org\/en\/hayat-sende-association\/\">Home Page<\/a><\/span><\/span><\/nav>\t\t\t\t<\/div>\n\t\t\t\t<\/div>\n\t\t\t\t<\/header>\n\t\t\t\t<\/div>\n\t\t<\/div>\n\t\t\t\t\t\t<\/div>\n\t\t\t\t<\/div>\n\t\t\t\t<\/div>\n\t\t<main class=\"elementor-element elementor-element-43d29c5 e-flex e-con-boxed e-con e-parent\" data-id=\"43d29c5\" data-element_type=\"container\" data-e-type=\"container\" data-settings=\"{&quot;background_background&quot;:&quot;classic&quot;}\">\n\t\t\t\t\t<div class=\"e-con-inner\">\n\t\t\t\t<div class=\"elementor-element elementor-element-fd950d0 elementor-widget elementor-widget-heading\" data-id=\"fd950d0\" data-element_type=\"widget\" data-e-type=\"widget\" data-widget_type=\"heading.default\">\n\t\t\t\t<div class=\"elementor-widget-container\">\n\t\t\t\t\t<h2 class=\"elementor-heading-title elementor-size-default\">Articles, experiences, and expert opinions that we have translated from the international arena.<\/h2>\t\t\t\t<\/div>\n\t\t\t\t<\/div>\n\t\t\t\t<div class=\"elementor-element elementor-element-0821072 elementor-widget elementor-widget-raven-search-form\" data-id=\"0821072\" data-element_type=\"widget\" data-e-type=\"widget\" data-settings=\"{&quot;_skin&quot;:&quot;classic&quot;}\" data-widget_type=\"raven-search-form.classic\">\n\t\t\t\t<div class=\"elementor-widget-container\">\n\t\t\t\t\t\t\t<form class=\"raven-search-form raven-search-form-classic\" method=\"get\" action=\"https:\/\/www.hayatsende.org\/en\/\" role=\"search\">\n\t\t\t<div class=\"raven-search-form-container\">\n\t\t\t\t<div class=\"raven-search-form-inner\">\n\t\t\t\t\t<label class=\"elementor-screen-only\" for=\"raven-search-form-input\">Search<\/label>\n\t\t\t\t\t<input id=\"raven-search-form-input\" class=\"raven-search-form-input\" type=\"search\" name=\"s\" placeholder=\"Search...\" \/>\n\t\t\t\t\t\t\t\t\t\t\t<input type=\"hidden\" name=\"lang\" value=\"en\"\/>\n\t\t\t\t\t\t\t\t\t\t\t\t\t\t\t\t\t\t<button class=\"raven-search-form-button raven-search-form-button-svg\" type=\"submit\" aria-label=\"Search\">\n\t\t\t\t\t\t\t\t\t<svg class=\"e-font-icon-svg e-fas-search\" viewBox=\"0 0 512 512\" xmlns=\"http:\/\/www.w3.org\/2000\/svg\"><path d=\"M505 442.7L405.3 343c-4.5-4.5-10.6-7-17-7H372c27.6-35.3 44-79.7 44-128C416 93.1 322.9 0 208 0S0 93.1 0 208s93.1 208 208 208c48.3 0 92.7-16.4 128-44v16.3c0 6.4 2.5 12.5 7 17l99.7 99.7c9.4 9.4 24.6 9.4 33.9 0l28.3-28.3c9.4-9.4 9.4-24.6.1-34zM208 336c-70.7 0-128-57.2-128-128 0-70.7 57.2-128 128-128 70.7 0 128 57.2 128 128 0 70.7-57.2 128-128 128z\"><\/path><\/svg>\t\t\t\t\t\t\t\t<\/button>\n\t\t\t\t\t\t\t\t\t\t\t\t\t\t\t\t\t<\/div>\n\t\t\t<\/div>\n\t\t<\/form>\n\t\t\t\t\t\t<\/div>\n\t\t\t\t<\/div>\n\t\t\t\t\t<\/div>\n\t\t\t\t<\/main>\n\t\t<div class=\"elementor-element elementor-element-ecf333e e-flex e-con-boxed e-con e-parent\" data-id=\"ecf333e\" data-element_type=\"container\" data-e-type=\"container\">\n\t\t\t\t\t<div class=\"e-con-inner\">\n\t\t\t\t<div class=\"elementor-element elementor-element-0ff2567 elementor-widget elementor-widget-button\" data-id=\"0ff2567\" data-element_type=\"widget\" data-e-type=\"widget\" data-widget_type=\"button.default\">\n\t\t\t\t<div class=\"elementor-widget-container\">\n\t\t\t\t\t\t\t\t\t<div class=\"elementor-button-wrapper\">\n\t\t\t\t\t<a class=\"elementor-button elementor-button-link elementor-size-sm\" href=\"https:\/\/www.hayatsende.org\/yayinlarimiz\/\">\n\t\t\t\t\t\t<span class=\"elementor-button-content-wrapper\">\n\t\t\t\t\t\t\t\t\t<span class=\"elementor-button-text\">Our Publications<\/span>\n\t\t\t\t\t<\/span>\n\t\t\t\t\t<\/a>\n\t\t\t\t<\/div>\n\t\t\t\t\t\t\t\t<\/div>\n\t\t\t\t<\/div>\n\t\t\t\t<div class=\"elementor-element elementor-element-1762dfd elementor-widget elementor-widget-button\" data-id=\"1762dfd\" data-element_type=\"widget\" data-e-type=\"widget\" data-widget_type=\"button.default\">\n\t\t\t\t<div class=\"elementor-widget-container\">\n\t\t\t\t\t\t\t\t\t<div class=\"elementor-button-wrapper\">\n\t\t\t\t\t<a class=\"elementor-button elementor-button-link elementor-size-sm\" href=\"https:\/\/www.hayatsende.org\/dogrusozluk\/\">\n\t\t\t\t\t\t<span class=\"elementor-button-content-wrapper\">\n\t\t\t\t\t\t\t\t\t<span class=\"elementor-button-text\">Correct Dictionary<\/span>\n\t\t\t\t\t<\/span>\n\t\t\t\t\t<\/a>\n\t\t\t\t<\/div>\n\t\t\t\t\t\t\t\t<\/div>\n\t\t\t\t<\/div>\n\t\t\t\t\t<\/div>\n\t\t\t\t<\/div>\n\t\t<div class=\"elementor-element elementor-element-596e8dd e-con-full e-flex e-con e-parent\" data-id=\"596e8dd\" data-element_type=\"container\" data-e-type=\"container\">\n\t\t\t\t<div class=\"elementor-element elementor-element-647703e elementor-widget elementor-widget-shortcode\" data-id=\"647703e\" data-element_type=\"widget\" data-e-type=\"widget\" data-widget_type=\"shortcode.default\">\n\t\t\t\t<div class=\"elementor-widget-container\">\n\t\t\t\t\t\t\t<div class=\"elementor-shortcode\">\t\t<div data-elementor-type=\"container\" data-elementor-id=\"9853\" class=\"elementor elementor-9853 elementor-9500 elementor-9500\" data-elementor-post-type=\"elementor_library\">\n\t\t\t\t<div class=\"elementor-element elementor-element-4496e86 e-flex e-con-boxed e-con e-parent\" data-id=\"4496e86\" data-element_type=\"container\" data-e-type=\"container\" data-settings=\"{&quot;background_background&quot;:&quot;classic&quot;}\">\n\t\t\t\t\t<div class=\"e-con-inner\">\n\t\t\t\t<div class=\"elementor-element elementor-element-73d6223 elementor-widget elementor-widget-heading\" data-id=\"73d6223\" data-element_type=\"widget\" data-e-type=\"widget\" data-widget_type=\"heading.default\">\n\t\t\t\t<div class=\"elementor-widget-container\">\n\t\t\t\t\t<h6 class=\"elementor-heading-title elementor-size-default\">If you would like to receive regular updates from us, you can subscribe to our e-newsletter by leaving your email address below.<\/h6>\t\t\t\t<\/div>\n\t\t\t\t<\/div>\n\t\t\t\t<div class=\"elementor-element elementor-element-5f1057d elementor-button-align-stretch elementor-widget elementor-widget-form\" data-id=\"5f1057d\" data-element_type=\"widget\" data-e-type=\"widget\" data-settings=\"{&quot;step_next_label&quot;:&quot;Next&quot;,&quot;step_previous_label&quot;:&quot;Previous&quot;,&quot;button_width&quot;:&quot;100&quot;,&quot;step_type&quot;:&quot;number_text&quot;,&quot;step_icon_shape&quot;:&quot;circle&quot;}\" data-widget_type=\"form.default\">\n\t\t\t\t<div class=\"elementor-widget-container\">\n\t\t\t\t\t\t\t<form class=\"elementor-form\" method=\"post\" id=\"bulten_abonelik\" name=\"BultenFormEN\" aria-label=\"BultenFormEN\">\n\t\t\t<input type=\"hidden\" name=\"post_id\" value=\"9853\"\/>\n\t\t\t<input type=\"hidden\" name=\"form_id\" value=\"5f1057d\"\/>\n\t\t\t<input type=\"hidden\" name=\"referer_title\" value=\"Hayat Sende Derne\u011fi\" \/>\n\n\t\t\t\n\t\t\t<div class=\"elementor-form-fields-wrapper elementor-labels-\">\n\t\t\t\t\t\t\t\t<div class=\"elementor-field-type-text elementor-field-group elementor-column elementor-field-group-isim elementor-col-25 elementor-sm-50\">\n\t\t\t\t\t\t\t\t\t\t\t\t<label for=\"form-field-isim\" class=\"elementor-field-label elementor-screen-only\">\n\t\t\t\t\t\t\t\tName\t\t\t\t\t\t\t<\/label>\n\t\t\t\t\t\t\t\t\t\t\t\t\t\t<input size=\"1\" type=\"text\" name=\"form_fields[isim]\" id=\"form-field-isim\" class=\"elementor-field elementor-size-sm  elementor-field-textual\" placeholder=\"Name\">\n\t\t\t\t\t\t\t\t\t\t\t<\/div>\n\t\t\t\t\t\t\t\t<div class=\"elementor-field-type-text elementor-field-group elementor-column elementor-field-group-soyisim elementor-col-25 elementor-sm-50\">\n\t\t\t\t\t\t\t\t\t\t\t\t<label for=\"form-field-soyisim\" class=\"elementor-field-label elementor-screen-only\">\n\t\t\t\t\t\t\t\tSurname\t\t\t\t\t\t\t<\/label>\n\t\t\t\t\t\t\t\t\t\t\t\t\t\t<input size=\"1\" type=\"text\" name=\"form_fields[soyisim]\" id=\"form-field-soyisim\" class=\"elementor-field elementor-size-sm  elementor-field-textual\" placeholder=\"Surname\">\n\t\t\t\t\t\t\t\t\t\t\t<\/div>\n\t\t\t\t\t\t\t\t<div class=\"elementor-field-type-email elementor-field-group elementor-column elementor-field-group-eposta elementor-col-50 elementor-field-required\">\n\t\t\t\t\t\t\t\t\t\t\t\t<label for=\"form-field-eposta\" class=\"elementor-field-label elementor-screen-only\">\n\t\t\t\t\t\t\t\tEmail\t\t\t\t\t\t\t<\/label>\n\t\t\t\t\t\t\t\t\t\t\t\t\t\t<input size=\"1\" type=\"email\" name=\"form_fields[eposta]\" id=\"form-field-eposta\" class=\"elementor-field elementor-size-sm  elementor-field-textual\" placeholder=\"Email*\" required=\"required\">\n\t\t\t\t\t\t\t\t\t\t\t<\/div>\n\t\t\t\t\t\t\t\t<div class=\"elementor-field-type-acceptance elementor-field-group elementor-column elementor-field-group-riza elementor-col-100 elementor-field-required\">\n\t\t\t\t\t\t\t\t\t\t\t\t<label for=\"form-field-riza\" class=\"elementor-field-label elementor-screen-only\">\n\t\t\t\t\t\t\t\tRiza\t\t\t\t\t\t\t<\/label>\n\t\t\t\t\t\t\t\t<div class=\"elementor-field-subgroup\">\n\t\t\t<span class=\"elementor-field-option\">\n\t\t\t\t<input type=\"checkbox\" name=\"form_fields[riza]\" id=\"form-field-riza\" class=\"elementor-field elementor-size-sm  elementor-acceptance-field\" required=\"required\">\n\t\t\t\t<label for=\"form-field-riza\">* <span style=\"font-size:14px;\"><span style=\"font-size:14px;\"><u><a target=\"_blank\" rel=\"noopener noreferrer\" href=\"https:\/\/www.hayatsende.org\/gizlilik-ve-cerez-politikasi\/\">Privacy Policy<\/a><\/u><\/span><\/span><span style=\"font-size:14px;\"> I've read. I want to receive newsletter from you.<\/span><\/label>\t\t\t<\/span>\n\t\t<\/div>\n\t\t\t\t\t\t<\/div>\n\t\t\t\t\t\t\t\t<div class=\"elementor-field-type-text\">\n\t\t\t\t\t<input size=\"1\" type=\"text\" name=\"form_fields[honeyp]\" id=\"form-field-honeyp\" class=\"elementor-field elementor-size-sm \" style=\"display:none !important;\">\t\t\t\t<\/div>\n\t\t\t\t\t\t\t\t<div class=\"elementor-field-type-recaptcha_v3 elementor-field-group elementor-column elementor-field-group-recaptcha elementor-col-100 recaptcha_v3-bottomright\">\n\t\t\t\t\t<div class=\"elementor-field\" id=\"form-field-recaptcha\"><div class=\"elementor-g-recaptcha\" data-sitekey=\"6LekS-4UAAAAABRsCcPfknE7tKu_adOnIRDb1UZC\" data-type=\"v3\" data-action=\"Form\" data-badge=\"bottomright\" data-size=\"invisible\"><\/div><\/div>\t\t\t\t<\/div>\n\t\t\t\t\t\t\t\t<div class=\"elementor-field-group elementor-column elementor-field-type-submit elementor-col-100 e-form__buttons\">\n\t\t\t\t\t<button class=\"elementor-button elementor-size-sm\" type=\"submit\">\n\t\t\t\t\t\t<span class=\"elementor-button-content-wrapper\">\n\t\t\t\t\t\t\t\t\t\t\t\t\t\t\t<span class=\"elementor-button-icon\">\n\t\t\t\t\t\t\t\t\t<svg aria-hidden=\"true\" class=\"e-font-icon-svg e-far-envelope\" viewBox=\"0 0 512 512\" xmlns=\"http:\/\/www.w3.org\/2000\/svg\"><path d=\"M464 64H48C21.49 64 0 85.49 0 112v288c0 26.51 21.49 48 48 48h416c26.51 0 48-21.49 48-48V112c0-26.51-21.49-48-48-48zm0 48v40.805c-22.422 18.259-58.168 46.651-134.587 106.49-16.841 13.247-50.201 45.072-73.413 44.701-23.208.375-56.579-31.459-73.413-44.701C106.18 199.465 70.425 171.067 48 152.805V112h416zM48 400V214.398c22.914 18.251 55.409 43.862 104.938 82.646 21.857 17.205 60.134 55.186 103.062 54.955 42.717.231 80.509-37.199 103.053-54.947 49.528-38.783 82.032-64.401 104.947-82.653V400H48z\"><\/path><\/svg>\t\t\t\t\t\t\t\t\t\t\t\t\t\t\t\t\t<\/span>\n\t\t\t\t\t\t\t\t\t\t\t\t\t\t\t\t\t\t\t\t\t\t<span class=\"elementor-button-text\">B\u00fcltene Abone Ol<\/span>\n\t\t\t\t\t\t\t\t\t\t\t\t\t<\/span>\n\t\t\t\t\t<\/button>\n\t\t\t\t<\/div>\n\t\t\t<\/div>\n\t\t<\/form>\n\t\t\t\t\t\t<\/div>\n\t\t\t\t<\/div>\n\t\t\t\t\t<\/div>\n\t\t\t\t<\/div>\n\t\t\t\t<\/div>\n\t\t<\/div>\n\t\t\t\t\t\t<\/div>\n\t\t\t\t<\/div>\n\t\t\t\t<\/div>\n\t\t\t\t<\/div>\n\t\t","protected":false},"excerpt":{"rendered":"<p>Articles, experiences, and expert opinions that we have translated from the international arena. Search T\u00fcm\u00fcDuyurularHaberler 2828 Say\u0131l\u0131 Kanun Teklifine Y\u00f6nelik \u00d6neriler Raporu Bu rapor, bu bo\u015fluklar\u0131 ve riskleri ortaya koymak ve \u00e7\u00f6z\u00fcm \u00f6nerileri sunmak amac\u0131yla haz\u0131rlanm\u0131\u015ft\u0131r. Read More Ola\u011fan\u00fcst\u00fc Genel Kurul Toplant\u0131s\u0131 Dernek y\u00f6netim kurulu Elif G\u00f6k\u00e7e Kazanc\u0131o\u011flu Ba\u015fkanl\u0131\u011f\u0131nda toplanm\u0131\u015f olup; ola\u011fan\u00fcst\u00fc genel kurulun 2 [&hellip;]<\/p>\n","protected":false},"author":2,"featured_media":8365,"parent":0,"menu_order":0,"comment_status":"closed","ping_status":"closed","template":"full-width.php","meta":{"_acf_changed":false,"footnotes":""},"class_list":["post-9862","page","type-page","status-publish","has-post-thumbnail","hentry"],"acf":[],"yoast_head":"<!-- This site is optimized with the Yoast SEO plugin v27.2 - https:\/\/yoast.com\/product\/yoast-seo-wordpress\/ -->\n<title>News &amp; Announcements - Hayat Sende Derne\u011fi<\/title>\n<meta name=\"description\" content=\"You can access the latest news articles, compiled and periodically published by the Hayat Sende Association with the help of volunteer translators, here.\" \/>\n<meta name=\"robots\" content=\"index, follow, max-snippet:-1, max-image-preview:large, max-video-preview:-1\" \/>\n<link rel=\"canonical\" href=\"https:\/\/www.hayatsende.org\/en\/news-announcements\/\" \/>\n<meta property=\"og:locale\" content=\"en_US\" \/>\n<meta property=\"og:type\" content=\"article\" \/>\n<meta property=\"og:title\" content=\"News &amp; Announcements - Hayat Sende Derne\u011fi\" \/>\n<meta property=\"og:description\" content=\"You can access the latest news articles, compiled and periodically published by the Hayat Sende Association with the help of volunteer translators, here.\" \/>\n<meta property=\"og:url\" content=\"https:\/\/www.hayatsende.org\/en\/news-announcements\/\" \/>\n<meta property=\"og:site_name\" content=\"Hayat Sende Derne\u011fi\" \/>\n<meta property=\"article:publisher\" content=\"https:\/\/www.facebook.com\/hayatsendeorg\" \/>\n<meta property=\"article:modified_time\" content=\"2026-03-25T18:38:19+00:00\" \/>\n<meta property=\"og:image\" content=\"https:\/\/www.hayatsende.org\/wp-content\/uploads\/2026\/01\/Hayat-Sende-Favicon-512x512-min.png\" \/>\n\t<meta property=\"og:image:width\" content=\"512\" \/>\n\t<meta property=\"og:image:height\" content=\"512\" \/>\n\t<meta property=\"og:image:type\" content=\"image\/png\" \/>\n<meta name=\"twitter:card\" content=\"summary_large_image\" \/>\n<meta name=\"twitter:site\" content=\"@hayatsendeorg\" \/>\n<meta name=\"twitter:label1\" content=\"Est. reading time\" \/>\n\t<meta name=\"twitter:data1\" content=\"3 minutes\" \/>\n<script type=\"application\/ld+json\" class=\"yoast-schema-graph\">{\"@context\":\"https:\/\/schema.org\",\"@graph\":[{\"@type\":\"WebPage\",\"@id\":\"https:\/\/www.hayatsende.org\/en\/news-announcements\/\",\"url\":\"https:\/\/www.hayatsende.org\/en\/news-announcements\/\",\"name\":\"News &amp; Announcements - Hayat Sende Derne\u011fi\",\"isPartOf\":{\"@id\":\"https:\/\/www.hayatsende.org\/en\/#website\"},\"primaryImageOfPage\":{\"@id\":\"https:\/\/www.hayatsende.org\/en\/news-announcements\/#primaryimage\"},\"image\":{\"@id\":\"https:\/\/www.hayatsende.org\/en\/news-announcements\/#primaryimage\"},\"thumbnailUrl\":\"https:\/\/www.hayatsende.org\/wp-content\/uploads\/2026\/01\/Hayat-Sende-Favicon-512x512-min.png\",\"datePublished\":\"2020-01-17T09:07:16+00:00\",\"dateModified\":\"2026-03-25T18:38:19+00:00\",\"description\":\"You can access the latest news articles, compiled and periodically published by the Hayat Sende Association with the help of volunteer translators, here.\",\"breadcrumb\":{\"@id\":\"https:\/\/www.hayatsende.org\/en\/news-announcements\/#breadcrumb\"},\"inLanguage\":\"en-US\",\"potentialAction\":[{\"@type\":\"ReadAction\",\"target\":[\"https:\/\/www.hayatsende.org\/en\/news-announcements\/\"]}]},{\"@type\":\"ImageObject\",\"inLanguage\":\"en-US\",\"@id\":\"https:\/\/www.hayatsende.org\/en\/news-announcements\/#primaryimage\",\"url\":\"https:\/\/www.hayatsende.org\/wp-content\/uploads\/2026\/01\/Hayat-Sende-Favicon-512x512-min.png\",\"contentUrl\":\"https:\/\/www.hayatsende.org\/wp-content\/uploads\/2026\/01\/Hayat-Sende-Favicon-512x512-min.png\",\"width\":512,\"height\":512,\"caption\":\"Hayat Sende Favicon\"},{\"@type\":\"BreadcrumbList\",\"@id\":\"https:\/\/www.hayatsende.org\/en\/news-announcements\/#breadcrumb\",\"itemListElement\":[{\"@type\":\"ListItem\",\"position\":1,\"name\":\"Home Page\",\"item\":\"https:\/\/www.hayatsende.org\/en\/hayat-sende-association\/\"},{\"@type\":\"ListItem\",\"position\":2,\"name\":\"News &amp; Announcements\"}]},{\"@type\":\"WebSite\",\"@id\":\"https:\/\/www.hayatsende.org\/en\/#website\",\"url\":\"https:\/\/www.hayatsende.org\/en\/\",\"name\":\"Hayat Sende Derne\u011fi\",\"description\":\"Hayat Sende!\",\"publisher\":{\"@id\":\"https:\/\/www.hayatsende.org\/en\/#organization\"},\"potentialAction\":[{\"@type\":\"SearchAction\",\"target\":{\"@type\":\"EntryPoint\",\"urlTemplate\":\"https:\/\/www.hayatsende.org\/en\/?s={search_term_string}\"},\"query-input\":{\"@type\":\"PropertyValueSpecification\",\"valueRequired\":true,\"valueName\":\"search_term_string\"}}],\"inLanguage\":\"en-US\"},{\"@type\":\"Organization\",\"@id\":\"https:\/\/www.hayatsende.org\/en\/#organization\",\"name\":\"Hayat Sende Derne\u011fi\",\"url\":\"https:\/\/www.hayatsende.org\/en\/\",\"logo\":{\"@type\":\"ImageObject\",\"inLanguage\":\"en-US\",\"@id\":\"https:\/\/www.hayatsende.org\/en\/#\/schema\/logo\/image\/\",\"url\":\"https:\/\/www.hayatsende.org\/wp-content\/uploads\/2020\/01\/Hayat-Sende-Logo.png\",\"contentUrl\":\"https:\/\/www.hayatsende.org\/wp-content\/uploads\/2020\/01\/Hayat-Sende-Logo.png\",\"width\":1250,\"height\":812,\"caption\":\"Hayat Sende Derne\u011fi\"},\"image\":{\"@id\":\"https:\/\/www.hayatsende.org\/en\/#\/schema\/logo\/image\/\"},\"sameAs\":[\"https:\/\/www.facebook.com\/hayatsendeorg\",\"https:\/\/x.com\/hayatsendeorg\",\"https:\/\/www.instagram.com\/hayatsendeorg\/\",\"https:\/\/www.linkedin.com\/company\/hayatsende\/\",\"https:\/\/www.youtube.com\/hayatsendegenclikakademisi\"]}]}<\/script>\n<!-- \/ Yoast SEO plugin. -->","yoast_head_json":{"title":"News &amp; Announcements - Hayat Sende Derne\u011fi","description":"You can access the latest news articles, compiled and periodically published by the Hayat Sende Association with the help of volunteer translators, here.","robots":{"index":"index","follow":"follow","max-snippet":"max-snippet:-1","max-image-preview":"max-image-preview:large","max-video-preview":"max-video-preview:-1"},"canonical":"https:\/\/www.hayatsende.org\/en\/news-announcements\/","og_locale":"en_US","og_type":"article","og_title":"News &amp; Announcements - Hayat Sende Derne\u011fi","og_description":"You can access the latest news articles, compiled and periodically published by the Hayat Sende Association with the help of volunteer translators, here.","og_url":"https:\/\/www.hayatsende.org\/en\/news-announcements\/","og_site_name":"Hayat Sende Derne\u011fi","article_publisher":"https:\/\/www.facebook.com\/hayatsendeorg","article_modified_time":"2026-03-25T18:38:19+00:00","og_image":[{"width":512,"height":512,"url":"https:\/\/www.hayatsende.org\/wp-content\/uploads\/2026\/01\/Hayat-Sende-Favicon-512x512-min.png","type":"image\/png"}],"twitter_card":"summary_large_image","twitter_site":"@hayatsendeorg","twitter_misc":{"Est. reading time":"3 minutes"},"schema":{"@context":"https:\/\/schema.org","@graph":[{"@type":"WebPage","@id":"https:\/\/www.hayatsende.org\/en\/news-announcements\/","url":"https:\/\/www.hayatsende.org\/en\/news-announcements\/","name":"News &amp; Announcements - Hayat Sende Derne\u011fi","isPartOf":{"@id":"https:\/\/www.hayatsende.org\/en\/#website"},"primaryImageOfPage":{"@id":"https:\/\/www.hayatsende.org\/en\/news-announcements\/#primaryimage"},"image":{"@id":"https:\/\/www.hayatsende.org\/en\/news-announcements\/#primaryimage"},"thumbnailUrl":"https:\/\/www.hayatsende.org\/wp-content\/uploads\/2026\/01\/Hayat-Sende-Favicon-512x512-min.png","datePublished":"2020-01-17T09:07:16+00:00","dateModified":"2026-03-25T18:38:19+00:00","description":"You can access the latest news articles, compiled and periodically published by the Hayat Sende Association with the help of volunteer translators, here.","breadcrumb":{"@id":"https:\/\/www.hayatsende.org\/en\/news-announcements\/#breadcrumb"},"inLanguage":"en-US","potentialAction":[{"@type":"ReadAction","target":["https:\/\/www.hayatsende.org\/en\/news-announcements\/"]}]},{"@type":"ImageObject","inLanguage":"en-US","@id":"https:\/\/www.hayatsende.org\/en\/news-announcements\/#primaryimage","url":"https:\/\/www.hayatsende.org\/wp-content\/uploads\/2026\/01\/Hayat-Sende-Favicon-512x512-min.png","contentUrl":"https:\/\/www.hayatsende.org\/wp-content\/uploads\/2026\/01\/Hayat-Sende-Favicon-512x512-min.png","width":512,"height":512,"caption":"Hayat Sende Favicon"},{"@type":"BreadcrumbList","@id":"https:\/\/www.hayatsende.org\/en\/news-announcements\/#breadcrumb","itemListElement":[{"@type":"ListItem","position":1,"name":"Home Page","item":"https:\/\/www.hayatsende.org\/en\/hayat-sende-association\/"},{"@type":"ListItem","position":2,"name":"News &amp; Announcements"}]},{"@type":"WebSite","@id":"https:\/\/www.hayatsende.org\/en\/#website","url":"https:\/\/www.hayatsende.org\/en\/","name":"Hayat Sende Derne\u011fi","description":"Hayat Sende!","publisher":{"@id":"https:\/\/www.hayatsende.org\/en\/#organization"},"potentialAction":[{"@type":"SearchAction","target":{"@type":"EntryPoint","urlTemplate":"https:\/\/www.hayatsende.org\/en\/?s={search_term_string}"},"query-input":{"@type":"PropertyValueSpecification","valueRequired":true,"valueName":"search_term_string"}}],"inLanguage":"en-US"},{"@type":"Organization","@id":"https:\/\/www.hayatsende.org\/en\/#organization","name":"Hayat Sende Derne\u011fi","url":"https:\/\/www.hayatsende.org\/en\/","logo":{"@type":"ImageObject","inLanguage":"en-US","@id":"https:\/\/www.hayatsende.org\/en\/#\/schema\/logo\/image\/","url":"https:\/\/www.hayatsende.org\/wp-content\/uploads\/2020\/01\/Hayat-Sende-Logo.png","contentUrl":"https:\/\/www.hayatsende.org\/wp-content\/uploads\/2020\/01\/Hayat-Sende-Logo.png","width":1250,"height":812,"caption":"Hayat Sende Derne\u011fi"},"image":{"@id":"https:\/\/www.hayatsende.org\/en\/#\/schema\/logo\/image\/"},"sameAs":["https:\/\/www.facebook.com\/hayatsendeorg","https:\/\/x.com\/hayatsendeorg","https:\/\/www.instagram.com\/hayatsendeorg\/","https:\/\/www.linkedin.com\/company\/hayatsende\/","https:\/\/www.youtube.com\/hayatsendegenclikakademisi"]}]}},"_links":{"self":[{"href":"https:\/\/www.hayatsende.org\/en\/wp-json\/wp\/v2\/pages\/9862","targetHints":{"allow":["GET"]}}],"collection":[{"href":"https:\/\/www.hayatsende.org\/en\/wp-json\/wp\/v2\/pages"}],"about":[{"href":"https:\/\/www.hayatsende.org\/en\/wp-json\/wp\/v2\/types\/page"}],"author":[{"embeddable":true,"href":"https:\/\/www.hayatsende.org\/en\/wp-json\/wp\/v2\/users\/2"}],"replies":[{"embeddable":true,"href":"https:\/\/www.hayatsende.org\/en\/wp-json\/wp\/v2\/comments?post=9862"}],"version-history":[{"count":2,"href":"https:\/\/www.hayatsende.org\/en\/wp-json\/wp\/v2\/pages\/9862\/revisions"}],"predecessor-version":[{"id":9937,"href":"https:\/\/www.hayatsende.org\/en\/wp-json\/wp\/v2\/pages\/9862\/revisions\/9937"}],"wp:featuredmedia":[{"embeddable":true,"href":"https:\/\/www.hayatsende.org\/en\/wp-json\/wp\/v2\/media\/8365"}],"wp:attachment":[{"href":"https:\/\/www.hayatsende.org\/en\/wp-json\/wp\/v2\/media?parent=9862"}],"curies":[{"name":"wp","href":"https:\/\/api.w.org\/{rel}","templated":true}]}}